{"id":5384,"date":"2019-10-04T22:49:19","date_gmt":"2019-10-05T02:49:19","guid":{"rendered":"https:\/\/www.janvogler.com\/de-de\/touring\/"},"modified":"2019-12-13T17:15:31","modified_gmt":"2019-12-13T22:15:31","slug":"touring","status":"publish","type":"page","link":"https:\/\/www.janvogler.com\/de-de\/projekte\/touring\/","title":{"rendered":"Touring"},"content":{"rendered":"<div class=\"wpb-content-wrapper\"><p>[vc_row padding_top_multiplier=&#8220;5x&#8220; padding_bottom_multiplier=&#8220;3x&#8220;][vc_column width=&#8220;1\/6&#8243; tablet_sm_width=&#8220;1-12&#8243;][\/vc_column][vc_column width=&#8220;2\/3&#8243; tablet_sm_width=&#8220;5-6&#8243;]<h1 class=\"eut-element eut-title eut-align-center eut-h1\" style=\"margin-bottom: 10px;\"><span>Touring<\/span><\/h1><div class=\"eut-empty-space eut-height-1x\" style=\"\"><\/div>[vc_column_text]<i>Seit mehr als drei Jahrzehnten tourt Jan als Konzertcellist um die Welt. Ihm ist es wichtig, seinen Horizont als Musiker permanent durch das Erlernen neuer Werke, Stile und Genres zu erweitern.<\/i>[\/vc_column_text][\/vc_column][vc_column width=&#8220;1\/6&#8243; tablet_sm_width=&#8220;1-12&#8243;][\/vc_column][\/vc_row][vc_row padding_top_multiplier=&#8220;&#8220; padding_bottom_multiplier=&#8220;3x&#8220;][vc_column width=&#8220;1\/6&#8243; tablet_sm_width=&#8220;1-12&#8243;][\/vc_column][vc_column width=&#8220;2\/3&#8243; tablet_sm_width=&#8220;5-6&#8243;]<h2 class=\"eut-element eut-title eut-align-center eut-h2\" style=\"\"><span>Konzerte mit Orchester<\/span><\/h2><div class=\"eut-empty-space eut-height-1x\" style=\"\"><\/div>[vc_column_text]Das Auff\u00fchren der gro\u00dfen Cellokonzerte der Vergangenheit \u2013 darunter Dvorak, Schumann, Schostakowitschs Konzerte Nr. 1 und 2, Blochs<i>Schelomo<\/i>, Strauss\u2018\u00a0<i>Don Quichote<\/i>, Brittens Cellosymphonie und viele andere \u2013 brachte Jan mit gro\u00dfen Orchestern wie etwa New York Philharmonic, Boston Symphony, Chicago Symphony, Gewandhausorchester Leipzig, London Philharmonic, City of Birmingham Symphony zusammen und lie\u00df ihn Partnerschaften mit Dirigenten wie u.a. Fabio Luisi, Manfred Honeck, Valery Gergiev, Vladimir Jurowksy, Daniele Gatti und Alan Gilbert schlie\u00dfen.[\/vc_column_text][\/vc_column][vc_column width=&#8220;1\/6&#8243; tablet_sm_width=&#8220;1-12&#8243;][\/vc_column][\/vc_row][vc_row section_type=&#8220;fullwidth&#8220; padding_top_multiplier=&#8220;&#8220; padding_bottom_multiplier=&#8220;2x&#8220;][vc_column width=&#8220;1\/6&#8243; tablet_sm_width=&#8220;1-12&#8243;][\/vc_column][vc_column width=&#8220;1\/3&#8243; tablet_sm_width=&#8220;1&#8243;]<div class=\"eut-element eut-image eut-align-center\" style=\"\">  <div class=\"eut-image-wrapper\"><img loading=\"lazy\" decoding=\"async\" width=\"851\" height=\"567\" src=\"https:\/\/www.janvogler.com\/de-de\/wp-content\/uploads\/sites\/3\/2016\/12\/53_janhe\u00b4lene3-1.jpg\" class=\"attachment-full size-full\" alt=\"\" srcset=\"https:\/\/www.janvogler.com\/de-de\/wp-content\/uploads\/sites\/3\/2016\/12\/53_janhe\u00b4lene3-1.jpg 851w, https:\/\/www.janvogler.com\/de-de\/wp-content\/uploads\/sites\/3\/2016\/12\/53_janhe\u00b4lene3-1-300x200.jpg 300w, https:\/\/www.janvogler.com\/de-de\/wp-content\/uploads\/sites\/3\/2016\/12\/53_janhe\u00b4lene3-1-768x512.jpg 768w\" sizes=\"auto, (max-width: 851px) 100vw, 851px\" \/>   <\/div><\/div><div class=\"eut-empty-space eut-height-1x\" style=\"\"><\/div>[\/vc_column][vc_column width=&#8220;1\/3&#8243; tablet_sm_width=&#8220;1&#8243;]<div class=\"eut-element eut-image eut-align-center\" style=\"\">  <div class=\"eut-image-wrapper\"><img loading=\"lazy\" decoding=\"async\" width=\"2500\" height=\"1667\" src=\"https:\/\/www.janvogler.com\/de-de\/wp-content\/uploads\/sites\/3\/2016\/12\/jan.jpg\" class=\"attachment-full size-full\" alt=\"\" srcset=\"https:\/\/www.janvogler.com\/de-de\/wp-content\/uploads\/sites\/3\/2016\/12\/jan.jpg 2500w, https:\/\/www.janvogler.com\/de-de\/wp-content\/uploads\/sites\/3\/2016\/12\/jan-300x200.jpg 300w, https:\/\/www.janvogler.com\/de-de\/wp-content\/uploads\/sites\/3\/2016\/12\/jan-768x512.jpg 768w, https:\/\/www.janvogler.com\/de-de\/wp-content\/uploads\/sites\/3\/2016\/12\/jan-1024x683.jpg 1024w, https:\/\/www.janvogler.com\/de-de\/wp-content\/uploads\/sites\/3\/2016\/12\/jan-1920x1280.jpg 1920w\" sizes=\"auto, (max-width: 2500px) 100vw, 2500px\" \/>   <\/div><\/div><div class=\"eut-empty-space eut-height-1x\" style=\"\"><\/div>[\/vc_column][vc_column width=&#8220;1\/6&#8243; tablet_sm_width=&#8220;1-12&#8243;][\/vc_column][\/vc_row][vc_row padding_top_multiplier=&#8220;&#8220; padding_bottom_multiplier=&#8220;3x&#8220;][vc_column width=&#8220;1\/6&#8243; tablet_sm_width=&#8220;1-12&#8243;][\/vc_column][vc_column width=&#8220;2\/3&#8243; tablet_sm_width=&#8220;5-6&#8243;]<h2 class=\"eut-element eut-title eut-align-center eut-h2\" style=\"\"><span>Beauftragung und Urauff\u00fchrung neuer Werke f\u00fcr Cello und Orchester<\/span><\/h2><div class=\"eut-empty-space eut-height-1x\" style=\"\"><\/div><div class=\"eut-element eut-video\" style=\"\"><iframe loading=\"lazy\" width=\"1080\" height=\"608\" src=\"https:\/\/www.youtube.com\/embed\/dZhz0ZtwMjY?feature=oembed\" frameborder=\"0\" allow=\"accelerometer; autoplay; encrypted-media; gyroscope; picture-in-picture\" allowfullscreen><\/iframe><\/div><div class=\"eut-empty-space eut-height-1x\" style=\"\"><\/div>[vc_column_text]Eine von Jans gro\u00dfen Leidenschaften ist die Zusammenarbeit mit zeitgen\u00f6ssischen Komponisten, um neue Werke f\u00fcr Cello und Orchester zu schaffen. Konzerte, die schon f\u00fcr Jan komponiert wurden, umfassen z.B.:\u00a0 &#8218;Lieder von einer Insel &#8218; von Udo Zimmermann (UA 2009 mit dem BR Symphonieorchester und Kristjan J\u00e4rvi), &#8218;Ubi est Abel frater tuus&#8216; von Tigran Mansurian (UA 2010 mit dem WDR Sinfonieorchester und Semyon Bychkov), Doppelkonzert von John Harbison (UA 2010 mit Geigerin Mira Wang, dem Boston Symphony Orchestra und Carlos Kalmar), Doppelkonzert von Wolfgang Rihm (UA 2015 mit Geigerin Mira Wang und dem Orpheus Chamber Orchestra in der Carnegie Hall), Cellokonzert von Dai Fujikura (UA 2018 mit dem Deutschen Symphonie-Orchester Berlin und Manfred Honeck),\u00a0<em>Drei Kontinente<\/em>\u00a0von Nico Muhly, Sven Helbig und Zhou Long (UA 2019 mit dem WDR Sinfonieorchester und Cristian M\u00e3celaru).[\/vc_column_text][\/vc_column][vc_column width=&#8220;1\/6&#8243; tablet_sm_width=&#8220;1-12&#8243;][\/vc_column][\/vc_row][vc_row padding_top_multiplier=&#8220;&#8220; padding_bottom_multiplier=&#8220;3x&#8220;][vc_column width=&#8220;1\/6&#8243; tablet_sm_width=&#8220;1-12&#8243;][\/vc_column][vc_column width=&#8220;2\/3&#8243; tablet_sm_width=&#8220;5-6&#8243;]<h2 class=\"eut-element eut-title eut-align-center eut-h2\" style=\"\"><span>Auf Darmsaiten spielen<\/span><\/h2><div class=\"eut-empty-space eut-height-1x\" style=\"\"><\/div>[vc_column_text]Sein Interesse an historischer Auff\u00fchrungspraxis brachte Jan dazu, das Repertoire des 18. und 19. Jahrhunderts auf Darmsaiten zu erkunden. Dies f\u00fchrte ihn zu Kooperationen mit \u00a0La Folia Barockorchester (Venezianische Cellokonzerte des fr\u00fchen 18. Jahrhunderts), dem Dresdner Festspielorchester unter Ivor Bolton und Constantinos Carydis (Schumanns Cellokonzert und Beethovens Triplekonzert, Brahms\u2019 Doppelkonzert und Saint-Sa\u00ebns\u2019 Cellokonzert Nr. 1), dem Orchestra of the 18th Century (Brahms Doppelkonzert mit Thonas Zehetmair) und Wiener Akademie und Martin Haselb\u00f6ck.[\/vc_column_text][\/vc_column][vc_column width=&#8220;1\/6&#8243; tablet_sm_width=&#8220;1-12&#8243;][\/vc_column][\/vc_row][vc_row section_type=&#8220;fullwidth&#8220; padding_top_multiplier=&#8220;&#8220; padding_bottom_multiplier=&#8220;2x&#8220;][vc_column width=&#8220;1\/6&#8243; tablet_sm_width=&#8220;1-12&#8243;][\/vc_column][vc_column width=&#8220;2\/3&#8243; tablet_sm_width=&#8220;1&#8243;]<div class=\"eut-element eut-image eut-align-center\" style=\"\">  <div class=\"eut-image-wrapper\"><img loading=\"lazy\" decoding=\"async\" width=\"2400\" height=\"1653\" src=\"https:\/\/www.janvogler.com\/de-de\/wp-content\/uploads\/sites\/3\/2016\/12\/29_280512killig002-1.jpg\" class=\"attachment-full size-full\" alt=\"\" srcset=\"https:\/\/www.janvogler.com\/de-de\/wp-content\/uploads\/sites\/3\/2016\/12\/29_280512killig002-1.jpg 2400w, https:\/\/www.janvogler.com\/de-de\/wp-content\/uploads\/sites\/3\/2016\/12\/29_280512killig002-1-300x207.jpg 300w, https:\/\/www.janvogler.com\/de-de\/wp-content\/uploads\/sites\/3\/2016\/12\/29_280512killig002-1-768x529.jpg 768w, https:\/\/www.janvogler.com\/de-de\/wp-content\/uploads\/sites\/3\/2016\/12\/29_280512killig002-1-1024x705.jpg 1024w, https:\/\/www.janvogler.com\/de-de\/wp-content\/uploads\/sites\/3\/2016\/12\/29_280512killig002-1-1920x1322.jpg 1920w\" sizes=\"auto, (max-width: 2400px) 100vw, 2400px\" \/>   <\/div><\/div><div class=\"eut-empty-space eut-height-1x\" style=\"\"><\/div>[\/vc_column][vc_column width=&#8220;1\/6&#8243; tablet_sm_width=&#8220;1-12&#8243;][\/vc_column][\/vc_row][vc_row padding_top_multiplier=&#8220;&#8220; padding_bottom_multiplier=&#8220;3x&#8220;][vc_column width=&#8220;1\/6&#8243; tablet_sm_width=&#8220;1-12&#8243;][\/vc_column][vc_column width=&#8220;2\/3&#8243; tablet_sm_width=&#8220;5-6&#8243;]<h2 class=\"eut-element eut-title eut-align-center eut-h2\" style=\"\"><span>Musikalische Partnerschaften: Von H\u00e9l\u00e8ne Grimaud und Martin Stadtfeld zu Bill Murray und Eric Clapton<\/span><\/h2><div class=\"eut-empty-space eut-height-1x\" style=\"\"><\/div>[vc_column_text]Seit 2003 tourt Jan Vogler ausgiebig mit der franz\u00f6sischen Pianistin H\u00e9l\u00e8ne Grimaud und seit XXX mit dem deutschen Pianisten Martin Stadtfeld. Beide musikalischen Freundschaften haben schon zu viele Konzerte in verschiedenen L\u00e4ndern gef\u00fchrt. 2011 nahm er mit H\u00e9l\u00e8ne Grimaud Schuberts\u00a0<em>Dichterliebe<\/em>\u00a0in einer Version f\u00fcr Cello und Klavier auf und \u00a0mit Martin Stadtfeld erschien 2009 eine CD mit Bach-Sonaten.<\/p>\n<p>2019 spielte er ein Konzert mit Blues-Rock-Legende Eric Clapton, nachdem die beiden sich 2018 nach einem Konzert in Edinburgh kennen gelernt hatten und entschieden, gemeinsam auftreten zu wollen.<\/p>\n<p>Mit dem Schauspieler Bill Murray widmet er sich ihrem gemeinsamen musikalisch-literarischen Projekt \u201eBill Murray, Jan Vogler &amp; Friends \u2013 New Worlds\u201c.[\/vc_column_text][\/vc_column][vc_column width=&#8220;1\/6&#8243; tablet_sm_width=&#8220;1-12&#8243;][\/vc_column][\/vc_row][vc_row padding_top_multiplier=&#8220;&#8220; padding_bottom_multiplier=&#8220;3x&#8220;][vc_column width=&#8220;1\/6&#8243; tablet_sm_width=&#8220;1-12&#8243;][\/vc_column][vc_column width=&#8220;2\/3&#8243; tablet_sm_width=&#8220;5-6&#8243;]<h2 class=\"eut-element eut-title eut-align-center eut-h2\" style=\"\"><span>Johann Sebastian Bachs Cello-Suiten<\/span><\/h2><div class=\"eut-empty-space eut-height-1x\" style=\"\"><\/div>[vc_column_text]Jan f\u00fchrte die 6 Suiten f\u00fcr Cello solo von Johann Sebastian Bach bereits in Europa, Asien und Amerika auf. 2012 erschien seine Einspielung des monumentalen Werkes bei Sony Classical.[\/vc_column_text]<div class=\"eut-empty-space eut-height-1x\" style=\"\"><\/div><div class=\"eut-element eut-image eut-align-center\" style=\"\">  <div class=\"eut-image-wrapper\"><img loading=\"lazy\" decoding=\"async\" width=\"1906\" height=\"1890\" src=\"https:\/\/www.janvogler.com\/de-de\/wp-content\/uploads\/sites\/3\/2019\/10\/Cover_Vogler_Bach_Suites.jpg\" class=\"attachment-full size-full\" alt=\"\" srcset=\"https:\/\/www.janvogler.com\/de-de\/wp-content\/uploads\/sites\/3\/2019\/10\/Cover_Vogler_Bach_Suites.jpg 1906w, https:\/\/www.janvogler.com\/de-de\/wp-content\/uploads\/sites\/3\/2019\/10\/Cover_Vogler_Bach_Suites-150x150.jpg 150w, https:\/\/www.janvogler.com\/de-de\/wp-content\/uploads\/sites\/3\/2019\/10\/Cover_Vogler_Bach_Suites-300x297.jpg 300w, https:\/\/www.janvogler.com\/de-de\/wp-content\/uploads\/sites\/3\/2019\/10\/Cover_Vogler_Bach_Suites-768x762.jpg 768w, https:\/\/www.janvogler.com\/de-de\/wp-content\/uploads\/sites\/3\/2019\/10\/Cover_Vogler_Bach_Suites-1024x1015.jpg 1024w\" sizes=\"auto, (max-width: 1906px) 100vw, 1906px\" \/>   <\/div><\/div>[\/vc_column][vc_column width=&#8220;1\/6&#8243; tablet_sm_width=&#8220;1-12&#8243;][\/vc_column][\/vc_row][vc_row padding_top_multiplier=&#8220;&#8220; padding_bottom_multiplier=&#8220;4x&#8220;][vc_column width=&#8220;1\/6&#8243;][\/vc_column][vc_column width=&#8220;1\/6&#8243;][\/vc_column][\/vc_row]<\/p>\n<\/div>","protected":false},"excerpt":{"rendered":"<p>[vc_row padding_top_multiplier=&#8220;5x&#8220; padding_bottom_multiplier=&#8220;3x&#8220;][vc_column width=&#8220;1\/6&#8243; tablet_sm_width=&#8220;1-12&#8243;][\/vc_column][vc_column width=&#8220;2\/3&#8243; tablet_sm_width=&#8220;5-6&#8243;][vc_column_text]Seit mehr als drei Jahrzehnten tourt Jan als Konzertcellist um die Welt. Ihm ist es wichtig, seinen Horizont als Musiker permanent durch das Erlernen neuer Werke, Stile und Genres zu erweitern.[\/vc_column_text][\/vc_column][vc_column width=&#8220;1\/6&#8243; tablet_sm_width=&#8220;1-12&#8243;][\/vc_column][\/vc_row][vc_row padding_top_multiplier=&#8220;&#8220; padding_bottom_multiplier=&#8220;3x&#8220;][vc_column width=&#8220;1\/6&#8243; tablet_sm_width=&#8220;1-12&#8243;][\/vc_column][vc_column width=&#8220;2\/3&#8243; tablet_sm_width=&#8220;5-6&#8243;][vc_column_text]Das Auff\u00fchren der gro\u00dfen Cellokonzerte der Vergangenheit \u2013 darunter Dvorak, Schumann, [&hellip;]<\/p>\n","protected":false},"author":9,"featured_media":0,"parent":2072,"menu_order":0,"comment_status":"closed","ping_status":"closed","template":"","meta":{"footnotes":""},"class_list":["post-5384","page","type-page","status-publish","hentry"],"_links":{"self":[{"href":"https:\/\/www.janvogler.com\/de-de\/wp-json\/wp\/v2\/pages\/5384","targetHints":{"allow":["GET"]}}],"collection":[{"href":"https:\/\/www.janvogler.com\/de-de\/wp-json\/wp\/v2\/pages"}],"about":[{"href":"https:\/\/www.janvogler.com\/de-de\/wp-json\/wp\/v2\/types\/page"}],"author":[{"embeddable":true,"href":"https:\/\/www.janvogler.com\/de-de\/wp-json\/wp\/v2\/users\/9"}],"replies":[{"embeddable":true,"href":"https:\/\/www.janvogler.com\/de-de\/wp-json\/wp\/v2\/comments?post=5384"}],"version-history":[{"count":5,"href":"https:\/\/www.janvogler.com\/de-de\/wp-json\/wp\/v2\/pages\/5384\/revisions"}],"predecessor-version":[{"id":5409,"href":"https:\/\/www.janvogler.com\/de-de\/wp-json\/wp\/v2\/pages\/5384\/revisions\/5409"}],"up":[{"embeddable":true,"href":"https:\/\/www.janvogler.com\/de-de\/wp-json\/wp\/v2\/pages\/2072"}],"wp:attachment":[{"href":"https:\/\/www.janvogler.com\/de-de\/wp-json\/wp\/v2\/media?parent=5384"}],"curies":[{"name":"wp","href":"https:\/\/api.w.org\/{rel}","templated":true}]}}