{"id":4474,"date":"2017-09-19T03:53:41","date_gmt":"2017-09-19T07:53:41","guid":{"rendered":"https:\/\/www.janvogler.com\/de-de\/?page_id=4474"},"modified":"2019-09-16T15:21:49","modified_gmt":"2019-09-16T19:21:49","slug":"dresdner-musikfestspiele","status":"publish","type":"page","link":"https:\/\/www.janvogler.com\/de-de\/projekte\/dresdner-musikfestspiele\/","title":{"rendered":"Dresdner Musikfestspiele"},"content":{"rendered":"<div class=\"wpb-content-wrapper\"><p>[vc_row padding_top_multiplier=&#8220;5x&#8220; padding_bottom_multiplier=&#8220;3x&#8220;][vc_column width=&#8220;1\/6&#8243; tablet_sm_width=&#8220;1-12&#8243;][\/vc_column][vc_column width=&#8220;2\/3&#8243; tablet_sm_width=&#8220;5-6&#8243;]<h1 class=\"eut-element eut-title eut-align-center eut-h1\" style=\"margin-bottom: 10px;\"><span>Dresdner Musikfestspiele<\/span><\/h1><h4 class=\"eut-element eut-title eut-align-center eut-h4 eut-custom-font-1\" style=\"\"><span>\u00dcber Die Festspiele<\/span><\/h4><div class=\"eut-empty-space eut-height-1x\" style=\"\"><\/div>[vc_column_text]Die Dresdner Musikfestspiele haben sich im Laufe ihrer nunmehr 40-j\u00e4hrigen Geschichte zu einem bedeutenden Anziehungspunkt f\u00fcr ein Konzertpublikum und K\u00fcnstler aus aller Welt entwickelt und die Festspielstadt Dresden zu einer der attraktivsten Destinationen im Kulturtourismus werden lassen. Fulminante Orchesterkonzerte, facettenreiche Kammermusik, gefeierte Solisten \u2013 zwischen Mai und Juni pr\u00e4sentiert das Festival allj\u00e4hrlich ein hochkar\u00e4tiges Programm von au\u00dfergew\u00f6hnlicher Dichte und Vielfalt in den sch\u00f6nsten Spielst\u00e4tten der Stadt und seiner Umgebung und zieht so Jahr f\u00fcr Jahr mehr als 30.000 Klassikfans aus aller Welt an die Elbe.<\/p>\n<p>Wenngleich die Dresdner Musikfestspiele bereits in den Musen- und Zwingerfesten der s\u00e4chsischen Kurf\u00fcrsten historische Vorl\u00e4ufer haben, verdanken sie ihre eigentliche Existenz einem regierungsamtlichen Dekret inmitten des Kalten Krieges. In Berlin, Hauptstadt der DDR, verf\u00fcgten das Zentralkomitee der SED und der Ministerrat: \u201cBeginnend 1978 finden in Dresden als j\u00e4hrlich durchzuf\u00fchrendes Musikfestspiel internationalen Ranges Dresdner Musikfestspiele statt!\u201d Dieses quasi verordnete musikalische Ereignis traf schon allein in der damaligen DDR auf eine beachtliche Konkurrenz wie die \u201cBerliner Festtage\u201d, \u201cMusikbiennale\u201d, \u201cH\u00e4ndel-Festspiele\u201d usw. und war gleicherma\u00dfen mit einem gro\u00dfen Qualit\u00e4tsanspruch angetreten. Tats\u00e4chlich erwies sich dieser Beschluss \u201cvon oben\u201d als \u00e4u\u00dfert fruchtbar, wurde das aus der Taufe gehobene Festival trotz mangelnder Devisen zu einem kulturellen Ereignis.<\/p>\n<p>Weltstars wie Marilyn Horne, Ren\u00e9 Kollo, Barbara Hendricks, Dietrich Fischer-Dieskau kamen, um einmal in der Musikstadt Dresden aufzutreten oder um gemeinsam mit der \u201cKapelle\u201d zu musizieren. Geradezu legend\u00e4r in den Jahren des Eisernen Vorhangs waren die gro\u00dfen Orchestergastspiele: Herbert von Karajan und die Berliner Philharmoniker, Claudio Abbado und das Orchester der Mail\u00e4nder Scala, Zubin Mehta und das New York Philharmonic.<\/p>\n<p>Mit der Wende mussten sich die Dresdner Musikfestspiele neuen Herausforderungen stellen und es galt, das Festival in einem offeneren und zusammenwachsenden Europa zu verankern. In den mehr als 30 Jahrg\u00e4ngen wurde musikalisch nicht nur an die bis zum s\u00e4chsischen Hof zur\u00fcckreichende Tradition der gro\u00dfen Opern, Ballette und Feuerwerke angekn\u00fcpft, sondern wurde neben Orchester-, Kammermusik- und Solokonzerten auch Alte Musik, Neue Musik, Weltmusik, Jazz und Tanz geboten \u2013 eine Vielfalt, die bis heute das Programm der Dresdner Musikfestspiele pr\u00e4gt. Die seit der Gr\u00fcndung bestehende Tradition des j\u00e4hrlich wechselnden Festspielmottos wird bis heute fortgef\u00fchrt und r\u00fcckt so jedes Jahr eine neue musikalische Welt in den Fokus, die es f\u00fcr das Publikum zu entdecken gilt.<\/p>\n<p>Zu einer weiteren beliebten Tradition haben sich die 1981 unter dem Motto \u201cDas Festival kommt zu seinen Besuchern\u201d ins Leben gerufene Veranstaltung \u201cDresden singt &amp; musiziert\u201d entwickelt, die allj\u00e4hrlich Hunderte von S\u00e4ngern und Tausende von Zuh\u00f6rern an die Br\u00fchlsche Terrasse lockt. Das Open-Air Konzert ist auch ein Geschenk an das Publikum, das vor der Kulisse der Altstadt nicht nur Musik genie\u00dfen kann, sondern gleichzeitig zum Mitmachen eingeladen wird.[\/vc_column_text][\/vc_column][vc_column width=&#8220;1\/6&#8243; tablet_sm_width=&#8220;1-12&#8243;][\/vc_column][\/vc_row][vc_row section_type=&#8220;fullwidth&#8220; columns_gap=&#8220;none&#8220; padding_top_multiplier=&#8220;&#8220; padding_bottom_multiplier=&#8220;3x&#8220;][vc_column width=&#8220;1\/6&#8243; tablet_sm_width=&#8220;1-12&#8243;][\/vc_column][vc_column width=&#8220;2\/3&#8243; tablet_sm_width=&#8220;1&#8243;]<div class=\"eut-element eut-video\" style=\"\"><iframe loading=\"lazy\" width=\"1080\" height=\"608\" src=\"https:\/\/www.youtube.com\/embed\/N9kvSTHmPvA?feature=oembed\" frameborder=\"0\" allowfullscreen><\/iframe><\/div>[\/vc_column][vc_column width=&#8220;1\/6&#8243; tablet_sm_width=&#8220;1-12&#8243;][\/vc_column][\/vc_row][vc_row padding_top_multiplier=&#8220;&#8220; padding_bottom_multiplier=&#8220;3x&#8220;][vc_column width=&#8220;1\/6&#8243; tablet_sm_width=&#8220;1-12&#8243;][\/vc_column][vc_column width=&#8220;2\/3&#8243; tablet_sm_width=&#8220;5-6&#8243;]<h2 class=\"eut-element eut-title eut-align-center eut-h2\" style=\"\"><span>Intendant<\/span><\/h2><div class=\"eut-empty-space eut-height-1x\" style=\"\"><\/div>[vc_column_text]Seit der Saison 2009 ist Jan Vogler Intendant der Dresdner Musikfestspiele. Seine Vision ist es, durch die wachsende Strahlkraft der Musikfestspiele \u201cDresdens Attraktivit\u00e4t als weltoffene, vielf\u00e4ltige und lebendige Kulturmetropole nachhaltig zu st\u00e4rken und zur wichtigsten Kraft Deutschlands in der internationalen Festival-Landschaft zu machen\u201d. In dieser Funktion setzt er sich ein f\u00fcr Toleranz und die Begegnung der Menschen aus aller Welt in Dresden durch die Kraft der Musik.[\/vc_column_text][\/vc_column][vc_column width=&#8220;1\/6&#8243; tablet_sm_width=&#8220;1-12&#8243;][\/vc_column][\/vc_row][vc_row section_type=&#8220;fullwidth&#8220; padding_top_multiplier=&#8220;&#8220; padding_bottom_multiplier=&#8220;2x&#8220;][vc_column width=&#8220;1\/6&#8243; tablet_sm_width=&#8220;1-12&#8243;][\/vc_column][vc_column width=&#8220;1\/3&#8243; tablet_sm_width=&#8220;1&#8243;]<div class=\"eut-element eut-image eut-align-center\" style=\"\">  <div class=\"eut-image-wrapper\"><img loading=\"lazy\" decoding=\"async\" width=\"1024\" height=\"683\" src=\"https:\/\/www.janvogler.com\/de-de\/wp-content\/uploads\/sites\/3\/2017\/09\/jan-voglar-dresdner-celo-1024x683.jpg\" class=\"attachment-full size-full\" alt=\"\" srcset=\"https:\/\/www.janvogler.com\/de-de\/wp-content\/uploads\/sites\/3\/2017\/09\/jan-voglar-dresdner-celo-1024x683.jpg 1024w, https:\/\/www.janvogler.com\/de-de\/wp-content\/uploads\/sites\/3\/2017\/09\/jan-voglar-dresdner-celo-1024x683-300x200.jpg 300w, https:\/\/www.janvogler.com\/de-de\/wp-content\/uploads\/sites\/3\/2017\/09\/jan-voglar-dresdner-celo-1024x683-768x512.jpg 768w\" sizes=\"auto, (max-width: 1024px) 100vw, 1024px\" \/>   <\/div><\/div><div class=\"eut-empty-space eut-height-1x\" style=\"\"><\/div>[\/vc_column][vc_column width=&#8220;1\/3&#8243; tablet_sm_width=&#8220;1&#8243;]<div class=\"eut-element eut-image eut-align-center\" style=\"\">  <div class=\"eut-image-wrapper\"><img loading=\"lazy\" decoding=\"async\" width=\"1024\" height=\"683\" src=\"https:\/\/www.janvogler.com\/de-de\/wp-content\/uploads\/sites\/3\/2017\/09\/jan-voglar-dresdner-close-up-1024x683.jpg\" class=\"attachment-full size-full\" alt=\"\" srcset=\"https:\/\/www.janvogler.com\/de-de\/wp-content\/uploads\/sites\/3\/2017\/09\/jan-voglar-dresdner-close-up-1024x683.jpg 1024w, https:\/\/www.janvogler.com\/de-de\/wp-content\/uploads\/sites\/3\/2017\/09\/jan-voglar-dresdner-close-up-1024x683-300x200.jpg 300w, https:\/\/www.janvogler.com\/de-de\/wp-content\/uploads\/sites\/3\/2017\/09\/jan-voglar-dresdner-close-up-1024x683-768x512.jpg 768w\" sizes=\"auto, (max-width: 1024px) 100vw, 1024px\" \/>   <\/div><\/div><div class=\"eut-empty-space eut-height-1x\" style=\"\"><\/div>[\/vc_column][vc_column width=&#8220;1\/6&#8243; tablet_sm_width=&#8220;1-12&#8243;][\/vc_column][\/vc_row][vc_row padding_top_multiplier=&#8220;&#8220; padding_bottom_multiplier=&#8220;4x&#8220;][vc_column width=&#8220;1\/6&#8243;][\/vc_column][vc_column width=&#8220;2\/3&#8243; tablet_sm_width=&#8220;1&#8243;]<h4 class=\"eut-element eut-title eut-align-center eut-h4 eut-custom-font-1\" style=\"margin-bottom: 0px;\"><span><\/span><\/h4><h2 class=\"eut-element eut-title eut-align-center eut-h2\" style=\"\"><span><\/span><\/h2>[vc_column_text text_style=&#8220;leader-text&#8220;][\/vc_column_text]<div class=\"eut-empty-space eut-height-1x\" style=\"\"><\/div>[vc_column_text]<\/p>\n<p>\u00a9 Dresden Music Festival 2017<\/p>\n<p>Youtube Channel: <a href=\"https:\/\/www.youtube.com\/channel\/UCrLLWjm0IUxhmDUTLVVu8QA\" target=\"_blank\" rel=\"noopener\">Dresdner Musikfestspiele<\/a><\/p>\n<p>[\/vc_column_text][\/vc_column][vc_column width=&#8220;1\/6&#8243;][\/vc_column][\/vc_row]<\/p>\n<\/div>","protected":false},"excerpt":{"rendered":"<p>[vc_row padding_top_multiplier=&#8220;5x&#8220; padding_bottom_multiplier=&#8220;3x&#8220;][vc_column width=&#8220;1\/6&#8243; tablet_sm_width=&#8220;1-12&#8243;][\/vc_column][vc_column width=&#8220;2\/3&#8243; tablet_sm_width=&#8220;5-6&#8243;][vc_column_text]Die Dresdner Musikfestspiele haben sich im Laufe ihrer nunmehr 40-j\u00e4hrigen Geschichte zu einem bedeutenden Anziehungspunkt f\u00fcr ein Konzertpublikum und K\u00fcnstler aus aller Welt entwickelt und die Festspielstadt Dresden zu einer der attraktivsten Destinationen im Kulturtourismus werden lassen. Fulminante Orchesterkonzerte, facettenreiche Kammermusik, gefeierte Solisten \u2013 zwischen Mai und Juni pr\u00e4sentiert [&hellip;]<\/p>\n","protected":false},"author":12,"featured_media":0,"parent":2072,"menu_order":0,"comment_status":"closed","ping_status":"closed","template":"","meta":{"footnotes":""},"class_list":["post-4474","page","type-page","status-publish","hentry"],"_links":{"self":[{"href":"https:\/\/www.janvogler.com\/de-de\/wp-json\/wp\/v2\/pages\/4474","targetHints":{"allow":["GET"]}}],"collection":[{"href":"https:\/\/www.janvogler.com\/de-de\/wp-json\/wp\/v2\/pages"}],"about":[{"href":"https:\/\/www.janvogler.com\/de-de\/wp-json\/wp\/v2\/types\/page"}],"author":[{"embeddable":true,"href":"https:\/\/www.janvogler.com\/de-de\/wp-json\/wp\/v2\/users\/12"}],"replies":[{"embeddable":true,"href":"https:\/\/www.janvogler.com\/de-de\/wp-json\/wp\/v2\/comments?post=4474"}],"version-history":[{"count":12,"href":"https:\/\/www.janvogler.com\/de-de\/wp-json\/wp\/v2\/pages\/4474\/revisions"}],"predecessor-version":[{"id":5371,"href":"https:\/\/www.janvogler.com\/de-de\/wp-json\/wp\/v2\/pages\/4474\/revisions\/5371"}],"up":[{"embeddable":true,"href":"https:\/\/www.janvogler.com\/de-de\/wp-json\/wp\/v2\/pages\/2072"}],"wp:attachment":[{"href":"https:\/\/www.janvogler.com\/de-de\/wp-json\/wp\/v2\/media?parent=4474"}],"curies":[{"name":"wp","href":"https:\/\/api.w.org\/{rel}","templated":true}]}}