{"id":2048,"date":"2016-11-30T12:51:10","date_gmt":"2016-11-30T17:51:10","guid":{"rendered":"https:\/\/www.janvogler.com\/de-de\/about-us-ii\/"},"modified":"2025-06-17T09:14:41","modified_gmt":"2025-06-17T13:14:41","slug":"biographie","status":"publish","type":"page","link":"https:\/\/www.janvogler.com\/de-de\/biographie\/","title":{"rendered":"Biographie"},"content":{"rendered":"<div class=\"wpb-content-wrapper\"><p>[vc_row padding_top_multiplier=&#8220;3x&#8220; padding_bottom_multiplier=&#8220;2x&#8220;][vc_column]<h1 class=\"eut-element eut-title eut-align-center eut-h1\" style=\"margin-bottom: 0px;\"><span>Jan Vogler<\/span><\/h1><h4 class=\"eut-element eut-title eut-align-center eut-h4 eut-custom-font-1\" style=\"\"><span>Violoncello<\/span><\/h4>[\/vc_column][\/vc_row][vc_row padding_top_multiplier=&#8220;&#8220; padding_bottom_multiplier=&#8220;2x&#8220;][vc_column width=&#8220;1\/6&#8243;][\/vc_column][vc_column width=&#8220;2\/3&#8243;]<h4 class=\"eut-element eut-title eut-align-center eut-h4 eut-custom-font-1\" style=\"margin-bottom: 0px;\"><span>Die Frankfurter Allgemeine Zeitung attestiert ihm die Gabe, \u201csein Cello wie eine Singstimme sprechen lassen zu k\u00f6nnen\u201d <\/span><\/h4>[\/vc_column][vc_column width=&#8220;1\/6&#8243;][\/vc_column][\/vc_row][vc_row padding_top_multiplier=&#8220;&#8220; padding_bottom_multiplier=&#8220;&#8220;][vc_column width=&#8220;1\/6&#8243;][\/vc_column][vc_column width=&#8220;2\/3&#8243;][vc_row_inner css=&#8220;.vc_custom_1501578362001{margin-bottom: 30px !important;}&#8220;][vc_column_inner][\/vc_column_inner][\/vc_row_inner][\/vc_column][vc_column width=&#8220;1\/6&#8243;][\/vc_column][\/vc_row][vc_row padding_top_multiplier=&#8220;3x&#8220; padding_bottom_multiplier=&#8220;3x&#8220;][vc_column]<div class=\"eut-element eut-image eut-align-center eut-full-image eut-image-space-100\" style=\"\">  <div class=\"eut-image-wrapper\"><img loading=\"lazy\" decoding=\"async\" width=\"2800\" height=\"2099\" src=\"https:\/\/www.janvogler.com\/de-de\/wp-content\/uploads\/sites\/3\/2019\/09\/190215_JANVOGLER_0528_retouched_v1.jpg\" class=\"attachment-full size-full\" alt=\"\" srcset=\"https:\/\/www.janvogler.com\/de-de\/wp-content\/uploads\/sites\/3\/2019\/09\/190215_JANVOGLER_0528_retouched_v1.jpg 2800w, https:\/\/www.janvogler.com\/de-de\/wp-content\/uploads\/sites\/3\/2019\/09\/190215_JANVOGLER_0528_retouched_v1-300x225.jpg 300w, https:\/\/www.janvogler.com\/de-de\/wp-content\/uploads\/sites\/3\/2019\/09\/190215_JANVOGLER_0528_retouched_v1-768x576.jpg 768w, https:\/\/www.janvogler.com\/de-de\/wp-content\/uploads\/sites\/3\/2019\/09\/190215_JANVOGLER_0528_retouched_v1-1024x768.jpg 1024w, https:\/\/www.janvogler.com\/de-de\/wp-content\/uploads\/sites\/3\/2019\/09\/190215_JANVOGLER_0528_retouched_v1-560x420.jpg 560w, https:\/\/www.janvogler.com\/de-de\/wp-content\/uploads\/sites\/3\/2019\/09\/190215_JANVOGLER_0528_retouched_v1-900x675.jpg 900w, https:\/\/www.janvogler.com\/de-de\/wp-content\/uploads\/sites\/3\/2019\/09\/190215_JANVOGLER_0528_retouched_v1-1920x1439.jpg 1920w\" sizes=\"auto, (max-width: 2800px) 100vw, 2800px\" \/>   <\/div><\/div>[\/vc_column][\/vc_row][vc_row padding_top_multiplier=&#8220;&#8220; padding_bottom_multiplier=&#8220;&#8220;][vc_column width=&#8220;1\/6&#8243;][\/vc_column][vc_column width=&#8220;2\/3&#8243;][vc_column_text]<\/p>\n<div>\n<div class=\"page\" title=\"Page 1\">\n<div class=\"layoutArea\">\n<div class=\"column\">\n<p>Jan Voglers bemerkenswerte Karriere hat ihn mit namhaften Dirigenten und international renommierten Orchestern wie dem London Philharmonic Orchestra, New York Philharmonic, Deutschen Symphonie-Orchester Berlin und dem Gewandhausorchester Leipzig zusammengebracht. Sein gro\u00dfes K\u00f6nnen lie\u00df ihn die Klanggrenzen des Cellos ausloten und einen intensiven Dialog mit zeitgen\u00f6ssischen Komponisten und K\u00fcnstlern aufbauen. Dazu geh\u00f6ren regelm\u00e4\u00dfige Urauff\u00fchrungen, u.a. von Tigran Mansurian (mit dem WDR-Sinfonieorchester unter Semyon Bychkov), John Harbison (mit Mira Wang und dem Boston Symphony Orchestra), Udo Zimmermann (Symphonieorchester des Bayerischen Rundfunks), Wolfgang Rihm (Doppelkonzert mit Mira Wang), das ihm selbst gewidmete Cellokonzert \u201eDunkle Saiten\u201c von J\u00f6rg Widmann sowie \u201cDrei Kontinente \u2013 Konzert f\u00fcr Cello und Orchester\u201d von Nico Muhly, Sven Helbig und Zhou-Long und \u201eAn einem klaren Tag\/On a Clear Day\u201c von Sean Shepherd nach einem Gedichtzyklus von Ulla Hahn f\u00fcr Violoncello, Ch\u00f6re und Orchester, welches 2023 mit dem Philharmonisches Staatsorchester unter der Leitung von Kent Nagano uraufgef\u00fchrt wurde. Die <em>New York Times<\/em> bewunderte das \u201elyrische Gesp\u00fcr\u201c seines Cellospiels, das <em>Gramophone <\/em>Magazin lobt seine \u201eschwindelerregende Virtuosit\u00e4t\u201c, und die <em>Frankfurter Allgemeine Zeitung<\/em> attestiert ihm die Gabe, \u201esein Cello wie eine Singstimme sprechen lassen zu k\u00f6nnen\u201c.<\/p>\n<p>Neben der klassischen Konzertt\u00e4tigkeit als Solist sucht Jan Vogler stetig neue Wege Musik mit anderen K\u00fcnsten zu verbinden. Im Februar 2024 gab er ein viel beachtetes Konzert mit der Lyrikerin Amanda Gorman in der Carnegie Hall, bei dem Gormans zeitgen\u00f6ssische Gedichte mit Cellosuiten von J. S. Bach erklangen. Das Duo war im M\u00e4rz 2024 zu Gast bei der popul\u00e4ren &#8218;Late Night Show with Stephen Colbert&#8216;. Au\u00dferdem erregte das musikalisch-literarischen Projekt \u201eBill Murray, Jan Vogler &amp; Friends \u2013 New Worlds\u201c mit dem Schauspieler Bill Murray weltweite Aufmerksamkeit und brachte Werke von Twain, Hemingway, Whitman, Cooper, Bernstein, Bach, Piazzolla, Mancini, Gershwin und Foster f\u00fcr eine unerwartete und mitrei\u00dfende Erkundung der Ber\u00fchrungspunkte von Literatur und Musik zusammen.<\/p>\n<p>Zu den bisherigen H\u00f6hepunkten von Jan Voglers T\u00e4tigkeit als Solist z\u00e4hlen die Auftritte mit dem New York Philharmonic, sowohl in New York als auch im Rahmen der Wiederer\u00f6ffnung der Dresdner Frauenkirche unter Lorin Maazel im November 2005. Er konzertierte mit Orchestern wie den Chicago, Boston, Pittsburgh und Montreal Symphony Orchestras, dem City of Birmingham Symphony Orchestra und dem BBC Symphony Orchestra, dem Orchestra dell\u2018 Accademia di Santa Cecilia, den Wiener Symphonikern, den M\u00fcnchner Philharmonikern und The Knights. Dabei arbeitete u.a. mit Dirigenten wie Andris Nelsons, Fabio Luisi, Sir Antonio Pappano, Marin Alsop, Thomas Hengelbrock, Manfred Honeck und Kent Nagano.<\/p>\n<p>Unter der k\u00fcnstlerischen Gesamtleitung von Jan Vogler und dem Dirigenten Kent Nagano wird seit 23 Wagners \u00bbRing\u00ab-Tetralogie im Rahmen des Projekts \u00bbThe Wagner Cycles\u00ab der Dresdner Musikfestspiele neu erarbeitet \u2013 auf Basis aktueller Erkenntnisse der Wagner- und Auff\u00fchrungspraxis-Forschung und eingebunden in ein umfangreiches Rahmenprogramm. Dazu geh\u00f6rt auch die Erstauff\u00fchrung von Richard Wagners \u201eSiegfried-Idyll\u201c auf historischen Instrumenten mit einem Ensemble aus internationalen Solisten und Kammermusikern im April 2025.<\/p>\n<p>Seit 2003 arbeitet Jan Vogler erfolgreich mit dem Label Sony Classical und im Laufe dieser Kooperation sind bisher rund 20 CDs entstanden. Zuletzt erschienen im M\u00e4rz 2023 eine Aufnahme mit den Cellokonzerten von \u00c8douard Lalo und Enrique Casals bei Sony, im Juli 2022 <em>The Dvorak Album<\/em> mit Musikerinnen und Musikern des Moritzburg Festivals, welches Werke des Komponisten in den Mittelpunkt stellte sowie im Mai 2022 die Aufnahme <em>Pop Songs<\/em>, in welcher Jan Vogler gemeinsam mit Omer Meir Wellber und dem BBC Philharmonic die Geschichte des Popsongs der vergangenen Jahrhunderte erkundet.<\/p>\n<p>Im Juni 2020 erschien zudem seine Aufnahme mit dem eigens f\u00fcr den Cellisten geschriebenen Cellokonzert \u201e<em>Three Continents\u201c<\/em> von Nico Muhly (USA), Sven Helbig (D) und Zhou Long (CHN) mit dem WDR Sinfonieorchester unter der Leitung von Cristian M<em>\u0103<\/em>celaru sowie dem Zweiten Cellokonzerts von Schostakowitsch mit dem Mariinsky Orchestra unter Valery Gergiev.<\/p>\n<p><em>Die Produktionen davor umfassen u.a. die <\/em>Einspielung von Doppelkonzerten f\u00fcr Geige und Violoncello von Brahms, Harbison und Rihm mit Violinistin Mira Wang und dem Royal Scottish National Orchestra unter der Leitung von Peter Oundjian (Mai 2018), <em>die im <\/em>M\u00e4rz 2016 ver\u00f6ffentlichte CD mit Tschaikowskis Rokoko-Variationen, gemeinsam mit dem hr-Sinfonieorchester unter Andr\u00e9s Orozco-<em>Estrada und dem Moritzburg Festival Ensemble, \u201eConcerti di Venezia\u201c mit venezianischen Cellokonzerten des 18. Jahrhunderts von Vivaldi, Caldara, Porpora u.a., gemeinsam mit dem La Folia Barockorchester, <\/em>die Schumann-Kammermusik-CD \u201eDichterliebe\u201c mit u.a. H\u00e9l\u00e8ne Grimaud, sowie seine Einspielung der sechs Suiten f\u00fcr Cello solo von J. S. Bach und die 2019 erschienene CD <em>Songbook<\/em> mit dem finnischen Gitarristen Ismo Eskelinen. Zudem erw\u00e4hnenswert sind seine CDs \u201eMy Tunes\u201c 1 und 2, f\u00fcr die Jan Vogler kurze Charakterst\u00fccke eingespielt hat, sowie die preisgekr\u00f6nte Aufnahme des Cellokonzerts von Dvo\u0159\u00e1k mit dem New York Philharmonic unter David Robertson (Pizzicato Supersonic Award, Diapason d\u2019Or Janvier, Choc \u2013 Le Monde de la Musique Mars).<\/p>\n<p>Seit 2008 leitet Jan Vogler die renommierten Dresdner Musikfestspiele und ist zudem seit 2001 K\u00fcnstlerischer Leiter des Moritzburg Festivals, das 2017 sein 25-j\u00e4hriges Jubil\u00e4um feierte und eine der ersten Adressen f\u00fcr Kammermusik weltweit ist.<\/p>\n<p>2006 erhielt Jan Vogler den Europ\u00e4ischen Kulturpreis, 2011 den Erich-K\u00e4stner-Preis f\u00fcr Toleranz, Humanit\u00e4t und V\u00f6lkerverst\u00e4ndigung, sowie 2018 den Europ\u00e4ischen Kulturpreis TAURUS als Intendant der Dresdner Musikfestspiele. 2021 wurde Jan Vogler der Verdienstorden der Bundesrepublik Deutschland verliehen.<\/p>\n<p>Jan Vogler spielt das Stradivari-Cello \u201eCastelbarco\/Fau\u201c von 1707.<\/p>\n<p>Jan Vogler wird ausgestattet von T\u00c9CHIN New York.<\/p>\n<p>Saison 2025\/26<\/p>\n<\/div>\n<\/div>\n<\/div>\n<\/div>\n<\/div>","protected":false},"excerpt":{"rendered":"<p>Even the all-powerful Pointing has no control about the blind texts it is an almost unorthographic life One day however a small line of blind text by the name of Lorem Ipsum decided to leave for the far World of Grammar. The Big Oxmox advised her not to do so, because there were thousands of bad Commas.<\/p>\n","protected":false},"author":12,"featured_media":0,"parent":0,"menu_order":0,"comment_status":"closed","ping_status":"closed","template":"","meta":{"footnotes":""},"class_list":["post-2048","page","type-page","status-publish","hentry"],"_links":{"self":[{"href":"https:\/\/www.janvogler.com\/de-de\/wp-json\/wp\/v2\/pages\/2048","targetHints":{"allow":["GET"]}}],"collection":[{"href":"https:\/\/www.janvogler.com\/de-de\/wp-json\/wp\/v2\/pages"}],"about":[{"href":"https:\/\/www.janvogler.com\/de-de\/wp-json\/wp\/v2\/types\/page"}],"author":[{"embeddable":true,"href":"https:\/\/www.janvogler.com\/de-de\/wp-json\/wp\/v2\/users\/12"}],"replies":[{"embeddable":true,"href":"https:\/\/www.janvogler.com\/de-de\/wp-json\/wp\/v2\/comments?post=2048"}],"version-history":[{"count":122,"href":"https:\/\/www.janvogler.com\/de-de\/wp-json\/wp\/v2\/pages\/2048\/revisions"}],"predecessor-version":[{"id":5837,"href":"https:\/\/www.janvogler.com\/de-de\/wp-json\/wp\/v2\/pages\/2048\/revisions\/5837"}],"wp:attachment":[{"href":"https:\/\/www.janvogler.com\/de-de\/wp-json\/wp\/v2\/media?parent=2048"}],"curies":[{"name":"wp","href":"https:\/\/api.w.org\/{rel}","templated":true}]}}